{"id":40,"date":"2025-07-10T02:54:49","date_gmt":"2025-07-10T02:54:49","guid":{"rendered":"https:\/\/moment2share.com\/?page_id=40"},"modified":"2025-07-10T08:11:11","modified_gmt":"2025-07-10T08:11:11","slug":"la-web-tv-du-saulnois","status":"publish","type":"page","link":"https:\/\/moment2share.com\/index.php\/la-web-tv-du-saulnois\/","title":{"rendered":"La Web TV du Saulnois"},"content":{"rendered":"\n<p>La WebTV sur Facebook<\/p>\n\n\n\n<div style=\"max-width: 700px; margin: 40px auto; padding: 20px; background-color: #f0f2f5; border-radius: 12px; box-shadow: 0 4px 12px rgba(0, 0, 0, 0.1); text-align: center;\">\n  <h2 style=\"color: #1877f2; font-size: 24px; margin-bottom: 10px;\">\ud83d\udcfa Retrouvez la WebTV du Saulnois<\/h2>\n  <p style=\"font-size: 16px; color: #333; margin-bottom: 20px;\">Suivez les actualit\u00e9s locales, reportages et \u00e9v\u00e9nements en vid\u00e9o directement sur notre page Facebook.<\/p>\n  <a href=\"https:\/\/www.facebook.com\/WEBTVSAULNOIS\" \n     target=\"_blank\" \n     rel=\"noopener\" \n     style=\"display: inline-block; background-color: #1877f2; color: white; padding: 12px 24px; border-radius: 6px; text-decoration: none; font-size: 16px;\">\n    \ud83d\udd17 Acc\u00e9der \u00e0 la page Facebook\n  <\/a>\n<\/div>\n\n","protected":false},"excerpt":{"rendered":"<p>La WebTV sur Facebook \ud83d\udcfa Retrouvez la WebTV du Saulnois Suivez les actualit\u00e9s locales, reportages et \u00e9v\u00e9nements en vid\u00e9o directement sur notre page Facebook. \ud83d\udd17 Acc\u00e9der \u00e0 la page Facebook<\/p>\n","protected":false},"author":1,"featured_media":59,"parent":0,"menu_order":0,"comment_status":"closed","ping_status":"closed","template":"","meta":{"footnotes":""},"class_list":["post-40","page","type-page","status-publish","has-post-thumbnail","hentry"],"_links":{"self":[{"href":"https:\/\/moment2share.com\/index.php\/wp-json\/wp\/v2\/pages\/40","targetHints":{"allow":["GET"]}}],"collection":[{"href":"https:\/\/moment2share.com\/index.php\/wp-json\/wp\/v2\/pages"}],"about":[{"href":"https:\/\/moment2share.com\/index.php\/wp-json\/wp\/v2\/types\/page"}],"author":[{"embeddable":true,"href":"https:\/\/moment2share.com\/index.php\/wp-json\/wp\/v2\/users\/1"}],"replies":[{"embeddable":true,"href":"https:\/\/moment2share.com\/index.php\/wp-json\/wp\/v2\/comments?post=40"}],"version-history":[{"count":4,"href":"https:\/\/moment2share.com\/index.php\/wp-json\/wp\/v2\/pages\/40\/revisions"}],"predecessor-version":[{"id":58,"href":"https:\/\/moment2share.com\/index.php\/wp-json\/wp\/v2\/pages\/40\/revisions\/58"}],"wp:featuredmedia":[{"embeddable":true,"href":"https:\/\/moment2share.com\/index.php\/wp-json\/wp\/v2\/media\/59"}],"wp:attachment":[{"href":"https:\/\/moment2share.com\/index.php\/wp-json\/wp\/v2\/media?parent=40"}],"curies":[{"name":"wp","href":"https:\/\/api.w.org\/{rel}","templated":true}]}}