{"id":32,"date":"2025-07-10T02:53:27","date_gmt":"2025-07-10T02:53:27","guid":{"rendered":"https:\/\/moment2share.com\/?page_id=32"},"modified":"2025-08-04T22:53:04","modified_gmt":"2025-08-04T22:53:04","slug":"concerts","status":"publish","type":"page","link":"https:\/\/moment2share.com\/index.php\/concerts\/","title":{"rendered":"Concerts"},"content":{"rendered":"\n<p id=\"concert-STS-2023\">Concert Ilot et Faiway au STS fin 2023 <\/p>\n\n\n\n<div style=\"max-width: 720px; margin: 0 auto; padding: 20px;\">\n  <div style=\"position: relative; padding-bottom: 56.25%; height: 0; overflow: hidden; border-radius: 12px; box-shadow: 0 4px 20px rgba(0, 0, 0, 0.1);\">\n    <iframe \n      src=\"https:\/\/www.dailymotion.com\/embed\/playlist\/xa1y9k?autoplay=0&#038;loop=0&#038;queue-enable=false&#038;ui-logo=false\" \n      frameborder=\"0\" \n      allow=\"fullscreen; encrypted-media; picture-in-picture\" \n      allowfullscreen \n      style=\"position: absolute; top: 0; left: 0; width: 100%; height: 100%;\">\n    <\/iframe>\n  <\/div>\n  <p style=\"text-align: center; font-weight: 500; margin-top: 10px;\">\ud83c\udfac Playlist : Moment to Share<\/p>\n<\/div>\n\n\n\n\n<p>Concert Faiway v\u00e9lo rail de la vall\u00e9e du Spin \u00e9t\u00e9 2024<\/p>\n\n\n\n<div style=\"max-width: 720px; margin: 0 auto; padding: 20px;\">\n  <div style=\"position: relative; padding-bottom: 56.25%; height: 0; overflow: hidden; border-radius: 12px; box-shadow: 0 4px 20px rgba(0, 0, 0, 0.1);\">\n    <iframe \n      src=\"https:\/\/www.dailymotion.com\/embed\/playlist\/xa1y9m?autoplay=0&#038;loop=0&#038;queue-enable=false&#038;ui-logo=false\" \n      frameborder=\"0\" \n      allow=\"fullscreen; encrypted-media; picture-in-picture\" \n      allowfullscreen \n      style=\"position: absolute; top: 0; left: 0; width: 100%; height: 100%;\">\n    <\/iframe>\n  <\/div>\n  <p style=\"text-align: center; font-weight: 500; margin-top: 10px;\">\ud83c\udfac Playlist : Moment to Share (suite)<\/p>\n<\/div>\n\n\n\n<p><\/p>\n","protected":false},"excerpt":{"rendered":"<p>Concert Ilot et Faiway au STS fin 2023 \ud83c\udfac Playlist : Moment to Share Concert Faiway v\u00e9lo rail de la vall\u00e9e du Spin \u00e9t\u00e9 2024 \ud83c\udfac Playlist : Moment to Share (suite)<\/p>\n","protected":false},"author":1,"featured_media":0,"parent":0,"menu_order":0,"comment_status":"closed","ping_status":"closed","template":"","meta":{"footnotes":""},"class_list":["post-32","page","type-page","status-publish","hentry"],"_links":{"self":[{"href":"https:\/\/moment2share.com\/index.php\/wp-json\/wp\/v2\/pages\/32","targetHints":{"allow":["GET"]}}],"collection":[{"href":"https:\/\/moment2share.com\/index.php\/wp-json\/wp\/v2\/pages"}],"about":[{"href":"https:\/\/moment2share.com\/index.php\/wp-json\/wp\/v2\/types\/page"}],"author":[{"embeddable":true,"href":"https:\/\/moment2share.com\/index.php\/wp-json\/wp\/v2\/users\/1"}],"replies":[{"embeddable":true,"href":"https:\/\/moment2share.com\/index.php\/wp-json\/wp\/v2\/comments?post=32"}],"version-history":[{"count":12,"href":"https:\/\/moment2share.com\/index.php\/wp-json\/wp\/v2\/pages\/32\/revisions"}],"predecessor-version":[{"id":85,"href":"https:\/\/moment2share.com\/index.php\/wp-json\/wp\/v2\/pages\/32\/revisions\/85"}],"wp:attachment":[{"href":"https:\/\/moment2share.com\/index.php\/wp-json\/wp\/v2\/media?parent=32"}],"curies":[{"name":"wp","href":"https:\/\/api.w.org\/{rel}","templated":true}]}}